{"id":920,"date":"2023-04-21T11:13:36","date_gmt":"2023-04-21T14:13:36","guid":{"rendered":"https:\/\/colegiosanisidrolabrador.edu.ar\/isil\/?page_id=920"},"modified":"2026-01-30T10:35:01","modified_gmt":"2026-01-30T13:35:01","slug":"nivel-primario-educacion-fisica","status":"publish","type":"page","link":"https:\/\/colegiosanisidrolabrador.edu.ar\/isil\/nivel-primario-educacion-fisica\/","title":{"rendered":"Nivel Primario &#8211; Educaci\u00f3n F\u00edsica"},"content":{"rendered":"\t\t<div data-elementor-type=\"wp-page\" data-elementor-id=\"920\" class=\"elementor elementor-920\">\n\t\t\t\t\t\t<section class=\"elementor-section elementor-top-section elementor-element elementor-element-dca72b4 elementor-section-boxed elementor-section-height-default elementor-section-height-default\" data-id=\"dca72b4\" data-element_type=\"section\" data-e-type=\"section\">\n\t\t\t\t\t\t<div class=\"elementor-container elementor-column-gap-default\">\n\t\t\t\t\t<div class=\"elementor-column elementor-col-100 elementor-top-column elementor-element elementor-element-c2a4da2\" data-id=\"c2a4da2\" data-element_type=\"column\" data-e-type=\"column\">\n\t\t\t<div class=\"elementor-widget-wrap\">\n\t\t\t\t\t\t\t<\/div>\n\t\t<\/div>\n\t\t\t\t\t<\/div>\n\t\t<\/section>\n\t\t\t\t<section class=\"elementor-section elementor-top-section elementor-element elementor-element-74007af elementor-section-boxed elementor-section-height-default elementor-section-height-default\" data-id=\"74007af\" data-element_type=\"section\" data-e-type=\"section\">\n\t\t\t\t\t\t<div class=\"elementor-container elementor-column-gap-default\">\n\t\t\t\t\t<div class=\"elementor-column elementor-col-100 elementor-top-column elementor-element elementor-element-b66f4db\" data-id=\"b66f4db\" data-element_type=\"column\" data-e-type=\"column\">\n\t\t\t<div class=\"elementor-widget-wrap elementor-element-populated\">\n\t\t\t\t\t\t<section class=\"elementor-section elementor-inner-section elementor-element elementor-element-063fe45 elementor-section-boxed elementor-section-height-default elementor-section-height-default\" data-id=\"063fe45\" data-element_type=\"section\" data-e-type=\"section\">\n\t\t\t\t\t\t<div class=\"elementor-container elementor-column-gap-default\">\n\t\t\t\t\t<div class=\"elementor-column elementor-col-50 elementor-inner-column elementor-element elementor-element-4535edb\" data-id=\"4535edb\" data-element_type=\"column\" data-e-type=\"column\">\n\t\t\t<div class=\"elementor-widget-wrap elementor-element-populated\">\n\t\t\t\t\t\t<div class=\"elementor-element elementor-element-ddfc557 elementor-widget elementor-widget-heading\" data-id=\"ddfc557\" data-element_type=\"widget\" data-e-type=\"widget\" data-widget_type=\"heading.default\">\n\t\t\t\t<div class=\"elementor-widget-container\">\n\t\t\t\t\t<h2 class=\"elementor-heading-title elementor-size-default\">Educaci\u00f3n F\u00edsica<\/h2>\t\t\t\t<\/div>\n\t\t\t\t<\/div>\n\t\t\t\t<div class=\"elementor-element elementor-element-11c5a94 elementor-widget elementor-widget-heading\" data-id=\"11c5a94\" data-element_type=\"widget\" data-e-type=\"widget\" data-widget_type=\"heading.default\">\n\t\t\t\t<div class=\"elementor-widget-container\">\n\t\t\t\t\t<h4 class=\"elementor-heading-title elementor-size-default\">Club Atl\u00e9tico Platense.<\/h4>\t\t\t\t<\/div>\n\t\t\t\t<\/div>\n\t\t\t\t<div class=\"elementor-element elementor-element-a33d125 elementor-widget elementor-widget-spacer\" data-id=\"a33d125\" data-element_type=\"widget\" data-e-type=\"widget\" data-widget_type=\"spacer.default\">\n\t\t\t\t<div class=\"elementor-widget-container\">\n\t\t\t\t\t\t\t<div class=\"elementor-spacer\">\n\t\t\t<div class=\"elementor-spacer-inner\"><\/div>\n\t\t<\/div>\n\t\t\t\t\t\t<\/div>\n\t\t\t\t<\/div>\n\t\t\t\t<div class=\"elementor-element elementor-element-a6f68d8 elementor-widget elementor-widget-text-editor\" data-id=\"a6f68d8\" data-element_type=\"widget\" data-e-type=\"widget\" data-widget_type=\"text-editor.default\">\n\t\t\t\t<div class=\"elementor-widget-container\">\n\t\t\t\t\t\t\t\t\t<p><strong><span style=\"font-size: 18pt;\">INICIACI\u00d3N DEPORTIVA:<\/span><\/strong><\/p><p><span style=\"font-size: 18pt;\">Formas b\u00e1sicas de movimiento.<\/span><\/p><p><span style=\"font-size: 18pt;\">Proceso l\u00fadico-motriz.<\/span><\/p><p><span style=\"font-size: 18pt;\"><strong>4to en adelante:<\/strong> iniciaci\u00f3n deportiva en hockey, f\u00fatbol, voley y handball mixto.<\/span><\/p>\t\t\t\t\t\t\t\t<\/div>\n\t\t\t\t<\/div>\n\t\t\t\t\t<\/div>\n\t\t<\/div>\n\t\t\t\t<div class=\"elementor-column elementor-col-50 elementor-inner-column elementor-element elementor-element-d15a40d\" data-id=\"d15a40d\" data-element_type=\"column\" data-e-type=\"column\">\n\t\t\t<div class=\"elementor-widget-wrap elementor-element-populated\">\n\t\t\t\t\t\t<div class=\"elementor-element elementor-element-1f2a72e elementor-widget elementor-widget-image\" data-id=\"1f2a72e\" data-element_type=\"widget\" data-e-type=\"widget\" data-widget_type=\"image.default\">\n\t\t\t\t<div class=\"elementor-widget-container\">\n\t\t\t\t\t\t\t\t\t\t\t\t\t\t\t<img fetchpriority=\"high\" decoding=\"async\" width=\"637\" height=\"595\" src=\"https:\/\/colegiosanisidrolabrador.edu.ar\/isil\/wp-content\/uploads\/2023\/04\/Educacion-fisica.png\" class=\"attachment-medium_large size-medium_large wp-image-921\" alt=\"\" srcset=\"https:\/\/colegiosanisidrolabrador.edu.ar\/isil\/wp-content\/uploads\/2023\/04\/Educacion-fisica.png 637w, https:\/\/colegiosanisidrolabrador.edu.ar\/isil\/wp-content\/uploads\/2023\/04\/Educacion-fisica-300x280.png 300w\" sizes=\"(max-width: 637px) 100vw, 637px\" \/>\t\t\t\t\t\t\t\t\t\t\t\t\t\t\t<\/div>\n\t\t\t\t<\/div>\n\t\t\t\t\t<\/div>\n\t\t<\/div>\n\t\t\t\t\t<\/div>\n\t\t<\/section>\n\t\t\t\t\t<\/div>\n\t\t<\/div>\n\t\t\t\t\t<\/div>\n\t\t<\/section>\n\t\t\t\t<\/div>\n\t\t","protected":false},"excerpt":{"rendered":"<p>Educaci\u00f3n F\u00edsica Club Atl\u00e9tico Platense. INICIACI\u00d3N DEPORTIVA: Formas b\u00e1sicas de movimiento. Proceso l\u00fadico-motriz. 4to en adelante: iniciaci\u00f3n deportiva en hockey, f\u00fatbol, voley y handball mixto.<\/p>\n","protected":false},"author":2,"featured_media":0,"parent":0,"menu_order":0,"comment_status":"closed","ping_status":"closed","template":"","meta":{"footnotes":""},"class_list":["post-920","page","type-page","status-publish","hentry"],"_links":{"self":[{"href":"https:\/\/colegiosanisidrolabrador.edu.ar\/isil\/wp-json\/wp\/v2\/pages\/920","targetHints":{"allow":["GET"]}}],"collection":[{"href":"https:\/\/colegiosanisidrolabrador.edu.ar\/isil\/wp-json\/wp\/v2\/pages"}],"about":[{"href":"https:\/\/colegiosanisidrolabrador.edu.ar\/isil\/wp-json\/wp\/v2\/types\/page"}],"author":[{"embeddable":true,"href":"https:\/\/colegiosanisidrolabrador.edu.ar\/isil\/wp-json\/wp\/v2\/users\/2"}],"replies":[{"embeddable":true,"href":"https:\/\/colegiosanisidrolabrador.edu.ar\/isil\/wp-json\/wp\/v2\/comments?post=920"}],"version-history":[{"count":16,"href":"https:\/\/colegiosanisidrolabrador.edu.ar\/isil\/wp-json\/wp\/v2\/pages\/920\/revisions"}],"predecessor-version":[{"id":1006,"href":"https:\/\/colegiosanisidrolabrador.edu.ar\/isil\/wp-json\/wp\/v2\/pages\/920\/revisions\/1006"}],"wp:attachment":[{"href":"https:\/\/colegiosanisidrolabrador.edu.ar\/isil\/wp-json\/wp\/v2\/media?parent=920"}],"curies":[{"name":"wp","href":"https:\/\/api.w.org\/{rel}","templated":true}]}}