{"id":502,"date":"2021-10-27T06:46:26","date_gmt":"2021-10-27T06:46:26","guid":{"rendered":"https:\/\/colegiosanisidrolabrador.edu.ar\/isil\/?page_id=502"},"modified":"2026-01-30T10:35:32","modified_gmt":"2026-01-30T13:35:32","slug":"pastoral-nivel-primario","status":"publish","type":"page","link":"https:\/\/colegiosanisidrolabrador.edu.ar\/isil\/pastoral-nivel-primario\/","title":{"rendered":"Pastoral &#8211; Nivel Primario"},"content":{"rendered":"<p style=\"text-align: center;\"><span style=\"font-size: 18pt;\"><b>LOS VALORES QUE ENSE\u00d1AMOS<\/b><\/span><\/p>\n<p style=\"text-align: center;\"><span style=\"font-size: 14pt;\">La vida: Visi\u00f3n creacionista<\/span><\/p>\n<p style=\"text-align: center;\">La vida humana se inicia en el momento de la concepci\u00f3n. La dignidad del ser humano es \u00fanica, universal e irrenunciable. \u00c9sta es la base fundamental de los llamados \u00abderechos humanos\u00bb.\u00a0 La defendemos y ense\u00f1amos desde aquel primer momento, hasta el \u00faltimo aliento de vida.<\/p>\n<p style=\"text-align: center;\">&#8211; Naturaleza humana y Teolog\u00eda de G\u00e9nero<\/p>\n<p style=\"text-align: center;\">&#8211; Educaci\u00f3n para el amor.<\/p>\n<p><b>PRIMARIA<\/b><\/p>\n<p><b>Catequesis<\/b><\/p>\n<p>Adherimos a la ense\u00f1anza a la que nos invita el DIRECTORIO GENERAL PARA LA CATEQUESIS.<br \/>\nArt\u00edculo 67: Caracter\u00edstica de la Catequesis:<\/p>\n<p>1\u2013 La catequesis es una formaci\u00f3n org\u00e1nica y sistem\u00e1tica de la fe. (distinta de todas las dem\u00e1s<br \/>\nformas de presentar la Palabra de Dios).<\/p>\n<p>2\u2013 Esta formaci\u00f3n org\u00e1nica es m\u00e1s que una ense\u00f1anza: es un aprendizaje de toda la vida cristiana, \u00ab una iniciaci\u00f3n cristiana integral \u00bb, que propicia un aut\u00e9ntico seguimiento de Jesucristo, centrado en su Persona (Que el hombre entero se vea fecundado por la Palabra de Dios. Se ayudar\u00e1 as\u00ed al disc\u00edpulo de Jesucristo a transformar el hombre viejo, a asumir sus compromisos bautismales y a profesar la fe desde el \u00ab coraz\u00f3n \u00bb).<\/p>\n<p><b>Notas de la Catequesis<\/b><\/p>\n<p><b>Itinerario de celebraciones<\/b><\/p>\n<p><img fetchpriority=\"high\" decoding=\"async\" src=\"https:\/\/colegiosanisidrolabrador.edu.ar\/isil\/wp-content\/uploads\/2021\/09\/Captura-de-Pantalla-2021-09-27-a-las-20.30.42-1024x214.png\" alt=\"\" width=\"750\" height=\"157\" \/><\/p>\n<p><b>Acciones Pastorales\u00a0<\/b><\/p>\n<p>&#8211; Recreo de la Comuni\u00f3n<br \/>\n&#8211; Catequesis para padres: Familiar en el marco de los sacramentos de la Reconciliaci\u00f3n y la<br \/>\nPrimera Comuni\u00f3n.<br \/>\nSacramental: Dirigida a padres que quieren recibir un sacramento o crecer en la fe.<br \/>\n&#8211; La oraci\u00f3n del Rosario<br \/>\n&#8211; Peregrinaci\u00f3n Virtual a los Santuarios del mundo<\/p>\n","protected":false},"excerpt":{"rendered":"<p>LOS VALORES QUE ENSE\u00d1AMOS La vida: Visi\u00f3n creacionista La vida humana se inicia en el momento de la concepci\u00f3n. La dignidad del ser humano es \u00fanica, universal e irrenunciable. \u00c9sta es la base fundamental de los llamados \u00abderechos humanos\u00bb.\u00a0 La defendemos y ense\u00f1amos desde aquel primer momento, hasta el \u00faltimo [&hellip;]<\/p>\n","protected":false},"author":1,"featured_media":0,"parent":0,"menu_order":0,"comment_status":"closed","ping_status":"closed","template":"","meta":{"footnotes":""},"class_list":["post-502","page","type-page","status-publish","hentry"],"_links":{"self":[{"href":"https:\/\/colegiosanisidrolabrador.edu.ar\/isil\/wp-json\/wp\/v2\/pages\/502","targetHints":{"allow":["GET"]}}],"collection":[{"href":"https:\/\/colegiosanisidrolabrador.edu.ar\/isil\/wp-json\/wp\/v2\/pages"}],"about":[{"href":"https:\/\/colegiosanisidrolabrador.edu.ar\/isil\/wp-json\/wp\/v2\/types\/page"}],"author":[{"embeddable":true,"href":"https:\/\/colegiosanisidrolabrador.edu.ar\/isil\/wp-json\/wp\/v2\/users\/1"}],"replies":[{"embeddable":true,"href":"https:\/\/colegiosanisidrolabrador.edu.ar\/isil\/wp-json\/wp\/v2\/comments?post=502"}],"version-history":[{"count":2,"href":"https:\/\/colegiosanisidrolabrador.edu.ar\/isil\/wp-json\/wp\/v2\/pages\/502\/revisions"}],"predecessor-version":[{"id":513,"href":"https:\/\/colegiosanisidrolabrador.edu.ar\/isil\/wp-json\/wp\/v2\/pages\/502\/revisions\/513"}],"wp:attachment":[{"href":"https:\/\/colegiosanisidrolabrador.edu.ar\/isil\/wp-json\/wp\/v2\/media?parent=502"}],"curies":[{"name":"wp","href":"https:\/\/api.w.org\/{rel}","templated":true}]}}