{"id":451,"date":"2021-10-27T05:31:43","date_gmt":"2021-10-27T05:31:43","guid":{"rendered":"https:\/\/colegiosanisidrolabrador.edu.ar\/isil\/?page_id=451"},"modified":"2026-01-30T10:35:32","modified_gmt":"2026-01-30T13:35:32","slug":"pastoral-nivel-secundario","status":"publish","type":"page","link":"https:\/\/colegiosanisidrolabrador.edu.ar\/isil\/pastoral-nivel-secundario\/","title":{"rendered":"Pastoral &#8211; Nivel Secundario"},"content":{"rendered":"<p style=\"text-align: center;\"><span style=\"font-size: 18pt;\"><b>LOS VALORES QUE ENSE\u00d1AMOS<\/b><\/span><\/p>\n<p style=\"text-align: center;\"><span style=\"font-size: 14pt;\">La vida: Visi\u00f3n creacionista<\/span><\/p>\n<p style=\"text-align: center;\">La vida humana se inicia en el momento de la concepci\u00f3n. La dignidad del ser humano es \u00fanica, universal e irrenunciable. \u00c9sta es la base fundamental de los llamados \u00abderechos humanos\u00bb.\u00a0 La defendemos y ense\u00f1amos desde aquel primer momento, hasta el \u00faltimo aliento de vida.<\/p>\n<p style=\"text-align: center;\">&#8211; Naturaleza humana y Teolog\u00eda de G\u00e9nero<\/p>\n<p style=\"text-align: center;\">&#8211; Educaci\u00f3n para el amor.<\/p>\n<p><b>SECUNDARIA<\/b><\/p>\n<p><b>Catequesis<\/b><\/p>\n<p>Adherimos a la ense\u00f1anza a la que nos invita el DIRECTORIO GENERAL PARA LA CATEQUESIS.<\/p>\n<p>Art\u00edculo 67: Caracter\u00edstica de la Catequesis:<\/p>\n<p>1\u2013 La catequesis es una formaci\u00f3n org\u00e1nica y sistem\u00e1tica de la fe. (distinta de todas las dem\u00e1s formas de presentar la Palabra de Dios).<\/p>\n<p>2\u2013 Esta formaci\u00f3n org\u00e1nica es m\u00e1s que una ense\u00f1anza: es un aprendizaje de toda la vida cristiana, \u00ab una iniciaci\u00f3n cristiana integral \u00bb, que propicia un aut\u00e9ntico seguimiento de Jesucristo, centrado en su Persona (Que el hombre entero se vea fecundado por la Palabra de Dios. Se ayudar\u00e1 as\u00ed al disc\u00edpulo de Jesucristo a transformar el hombre viejo, a asumir sus compromisos bautismales y a profesar la fe desde el \u00ab coraz\u00f3n \u00bb).<\/p>\n<p><b>Itinerario Catequ\u00edstico<\/b><\/p>\n<p>1er a\u00f1o: Historia de Salvaci\u00f3n<br \/>\n2do a\u00f1o: Sacramentos<br \/>\n3er a\u00f1o: Jes\u00fas hist\u00f3rico, Mariolog\u00eda.<br \/>\n4\u00b0 a\u00f1o: Antropolog\u00eda Cristiana<br \/>\n5\u00b0 a\u00f1o: DSI (Doctrina Social de la Iglesia)<\/p>\n<p><b>Acciones Pastorales<\/b><\/p>\n<p>&#8211; Misi\u00f3n a Chaco<br \/>\n&#8211; Visita a la Virgen de Luj\u00e1n<br \/>\n&#8211; Presentaci\u00f3n del Signo Eucar\u00edstico Parroquia Santa Mar\u00eda<br \/>\n&#8211; Jes\u00fas Hist\u00f3rico: Video Conferencia con Padre Juan Solana (Magdala)<\/p>\n<p><b>Campamentos y Retiros<\/b><\/p>\n<p>1er a\u00f1o<br \/>\n2do a\u00f1o<br \/>\nTercer a\u00f1o<br \/>\nCen\u00e1culo<br \/>\nLa vocaci\u00f3n<\/p>\n<p><b>EMA\u00daS<\/b><\/p>\n<p>Ra\u00edces<br \/>\nConfirmaci\u00f3n<br \/>\nTabor<\/p>\n","protected":false},"excerpt":{"rendered":"<p>LOS VALORES QUE ENSE\u00d1AMOS La vida: Visi\u00f3n creacionista La vida humana se inicia en el momento de la concepci\u00f3n. La dignidad del ser humano es \u00fanica, universal e irrenunciable. \u00c9sta es la base fundamental de los llamados \u00abderechos humanos\u00bb.\u00a0 La defendemos y ense\u00f1amos desde aquel primer momento, hasta el \u00faltimo [&hellip;]<\/p>\n","protected":false},"author":1,"featured_media":0,"parent":0,"menu_order":0,"comment_status":"closed","ping_status":"closed","template":"","meta":{"footnotes":""},"class_list":["post-451","page","type-page","status-publish","hentry"],"_links":{"self":[{"href":"https:\/\/colegiosanisidrolabrador.edu.ar\/isil\/wp-json\/wp\/v2\/pages\/451","targetHints":{"allow":["GET"]}}],"collection":[{"href":"https:\/\/colegiosanisidrolabrador.edu.ar\/isil\/wp-json\/wp\/v2\/pages"}],"about":[{"href":"https:\/\/colegiosanisidrolabrador.edu.ar\/isil\/wp-json\/wp\/v2\/types\/page"}],"author":[{"embeddable":true,"href":"https:\/\/colegiosanisidrolabrador.edu.ar\/isil\/wp-json\/wp\/v2\/users\/1"}],"replies":[{"embeddable":true,"href":"https:\/\/colegiosanisidrolabrador.edu.ar\/isil\/wp-json\/wp\/v2\/comments?post=451"}],"version-history":[{"count":3,"href":"https:\/\/colegiosanisidrolabrador.edu.ar\/isil\/wp-json\/wp\/v2\/pages\/451\/revisions"}],"predecessor-version":[{"id":515,"href":"https:\/\/colegiosanisidrolabrador.edu.ar\/isil\/wp-json\/wp\/v2\/pages\/451\/revisions\/515"}],"wp:attachment":[{"href":"https:\/\/colegiosanisidrolabrador.edu.ar\/isil\/wp-json\/wp\/v2\/media?parent=451"}],"curies":[{"name":"wp","href":"https:\/\/api.w.org\/{rel}","templated":true}]}}