{"id":273,"date":"2021-09-26T20:56:37","date_gmt":"2021-09-26T20:56:37","guid":{"rendered":"https:\/\/colegiosanisidrolabrador.edu.ar\/isil\/?page_id=273"},"modified":"2026-01-30T10:35:19","modified_gmt":"2026-01-30T13:35:19","slug":"objetivos","status":"publish","type":"page","link":"https:\/\/colegiosanisidrolabrador.edu.ar\/isil\/objetivos\/","title":{"rendered":"Objetivos"},"content":{"rendered":"<p style=\"text-align: center;\"><strong>OBJETIVOS INSTITUCIONALES<\/strong><\/p>\n<p style=\"text-align: center;\">Promover la formaci\u00f3n integral de personas con sustento en valores y virtudes cristianas fomentando: la capacidad cr\u00edtica y reflexiva, la solidaridad, el respeto, la cultura del esfuerzo, para orientarlo hacia su propio proyecto de vida en el que \u201clabrando virtudes se coseche cultura\u201d.<\/p>\n<ul>\n<li style=\"text-align: left;\">Colaborar con las acciones educativas de la familia, que es agente natural y primario de la educaci\u00f3n de sus hijos.<\/li>\n<li style=\"text-align: left;\">Hacer conocer y vivir la palabra de Dios, en un proceso de evangelizaci\u00f3n permanente.<\/li>\n<li style=\"text-align: left;\">Desarrollar habilidades para el estudio.<\/li>\n<li style=\"text-align: left;\">Educar la inteligencia y la voluntad en el estudio.<\/li>\n<li style=\"text-align: left;\">Favorecer el desarrollo de cada alumno de acuerdo a sus diferencias individuales.<\/li>\n<li style=\"text-align: left;\">Acrecentar capacidades de expresi\u00f3n est\u00e9tica y motriz.<\/li>\n<li style=\"text-align: left;\">Suscitar la laboriosidad para que el trabajo y la convivencia sean fuente de alegr\u00eda.<\/li>\n<\/ul>\n<p><strong>Elevar la calidad educativa de nuestros alumnos a trav\u00e9s de:<\/strong><\/p>\n<ul>\n<li>La realizaci\u00f3n integral del proceso educativo.<\/li>\n<li>Un mayor seguimiento de los alumnos. Aumento de los tiempos pedag\u00f3gicos con el prop\u00f3sito de desarrollar mejoras en el marco curricular.<\/li>\n<li>Maximizar el aprovechamiento del tiempo escolar.<\/li>\n<li>Mayor promoci\u00f3n del estudio aut\u00f3nomo, el sentido de responsabilidad, el cooperativismo y la disciplina.<\/li>\n<li>Colaborar con la din\u00e1mica familiar y social.<\/li>\n<li>En un ambiente de fe. Dimensi\u00f3n \u00e9tica-religiosa. Propiciar mayor acercamiento de los alumnos y sus familias a la vida parroquial.<\/li>\n<li>Poder acompa\u00f1ar los trayectos escolares y el crecimiento en todos los estamentos en la vida personal y familiar de nuestros alumnos.<\/li>\n<li>La formaci\u00f3n pedag\u00f3gica de los estudiantes no va al hogar, sino que se desarrolla preferencialmente en el<br \/>\nestablecimiento.<\/li>\n<li>Caracter\u00edsticas superadoras en cuanto a la organizaci\u00f3n de tiempo, din\u00e1mica institucional, desarrollo de propuestas y contenci\u00f3n de la poblaci\u00f3n en edad escolar.<\/li>\n<\/ul>\n","protected":false},"excerpt":{"rendered":"<p>OBJETIVOS INSTITUCIONALES Promover la formaci\u00f3n integral de personas con sustento en valores y virtudes cristianas fomentando: la capacidad cr\u00edtica y reflexiva, la solidaridad, el respeto, la cultura del esfuerzo, para orientarlo hacia su propio proyecto de vida en el que \u201clabrando virtudes se coseche cultura\u201d. Colaborar con las acciones educativas [&hellip;]<\/p>\n","protected":false},"author":1,"featured_media":0,"parent":0,"menu_order":0,"comment_status":"closed","ping_status":"closed","template":"","meta":{"footnotes":""},"class_list":["post-273","page","type-page","status-publish","hentry"],"_links":{"self":[{"href":"https:\/\/colegiosanisidrolabrador.edu.ar\/isil\/wp-json\/wp\/v2\/pages\/273","targetHints":{"allow":["GET"]}}],"collection":[{"href":"https:\/\/colegiosanisidrolabrador.edu.ar\/isil\/wp-json\/wp\/v2\/pages"}],"about":[{"href":"https:\/\/colegiosanisidrolabrador.edu.ar\/isil\/wp-json\/wp\/v2\/types\/page"}],"author":[{"embeddable":true,"href":"https:\/\/colegiosanisidrolabrador.edu.ar\/isil\/wp-json\/wp\/v2\/users\/1"}],"replies":[{"embeddable":true,"href":"https:\/\/colegiosanisidrolabrador.edu.ar\/isil\/wp-json\/wp\/v2\/comments?post=273"}],"version-history":[{"count":4,"href":"https:\/\/colegiosanisidrolabrador.edu.ar\/isil\/wp-json\/wp\/v2\/pages\/273\/revisions"}],"predecessor-version":[{"id":541,"href":"https:\/\/colegiosanisidrolabrador.edu.ar\/isil\/wp-json\/wp\/v2\/pages\/273\/revisions\/541"}],"wp:attachment":[{"href":"https:\/\/colegiosanisidrolabrador.edu.ar\/isil\/wp-json\/wp\/v2\/media?parent=273"}],"curies":[{"name":"wp","href":"https:\/\/api.w.org\/{rel}","templated":true}]}}