{"id":264,"date":"2021-09-26T20:56:15","date_gmt":"2021-09-26T20:56:15","guid":{"rendered":"https:\/\/colegiosanisidrolabrador.edu.ar\/isil\/?page_id=264"},"modified":"2026-01-30T10:35:00","modified_gmt":"2026-01-30T13:35:00","slug":"historia","status":"publish","type":"page","link":"https:\/\/colegiosanisidrolabrador.edu.ar\/isil\/historia\/","title":{"rendered":"Historia"},"content":{"rendered":"<p style=\"text-align: center;\"><span>El Colegio Parroquial San Isidro Labrador, fue fundado el 19 de marzo de 1962 por el P\u00e1rroco Monse\u00f1or Antonio Jos\u00e9 Gonz\u00e1lez. Su lema es \u201cVirtus et Litterae\u201d (Virtud y Cultura).<\/span><\/p>\n<p style=\"text-align: center;\"><span>El Colegio comenz\u00f3 con dos salas de preescolar y un primer grado en la casa ubicada en la calle Arias 2529 (que actualmente es la casa de los sacerdotes de la Parroquia).<\/span><\/p>\n<p style=\"text-align: center;\"><span>Paulatinamente la matr\u00edcula fue increment\u00e1ndose, lo que exigi\u00f3 abrir otro turno del nivel primario por la tarde.<\/span><\/p>\n<p style=\"text-align: center;\"><span>Contando ya con unos 600 alumnos, en el a\u00f1o 1968 el Colegio se traslad\u00f3 al edificio de la Avenida San Isidro 4640 (actual sede del nivel inicial y primario). Ese mismo a\u00f1o egresan los dos primeros 7mos grados. En los a\u00f1os siguientes se incorporaron las salas de 3 y de 4 a\u00f1os en ambos <\/span><span>turnos del nivel inicial, y la tarea pedag\u00f3gica fue ampli\u00e1ndose en el dictado de materias que complementaban la educaci\u00f3n integral de los ni\u00f1os.<\/span><\/p>\n<p style=\"text-align: center;\"><span>En el a\u00f1o 1995 se adquiri\u00f3 el edificio lindante al Colegio, sito en Av. San Isidro 4700, con la generosa colaboraci\u00f3n econ\u00f3mica de la Fundaci\u00f3n P\u00e9rez Companc, y comenzaron las refacciones para adecuarlo a la funcionalidad y a las necesidades propias de la escuela.<\/span><\/p>\n<p style=\"text-align: center;\"><span>Gracias a la entusiasta visi\u00f3n de Monse\u00f1or Gonz\u00e1lez y al apoyo de toda la comunidad educativa y parroquial de San Isidro Labrador, en el a\u00f1o 1998, fue bendecida la ampliaci\u00f3n del Colegio por el Arzobispo de Buenos Aires -Monse\u00f1or Jorge Bergoglio y actual Papa Francisco-. En marzo de 1999 comenzar\u00eda la primera divisi\u00f3n del Nivel Secundario y, en el a\u00f1o 2011, el Ministerio de Educaci\u00f3n autoriz\u00f3 la apertura de la segunda divisi\u00f3n del Nivel Secundario.<\/span><\/p>\n<p style=\"text-align: center;\"><span>A comienzos de este a\u00f1o se inaugur\u00f3 la sala de dos a\u00f1os en ambos turnos del Nivel Inicial. En este momento el Colegio alberga cerca de 1000 alumnos en dos divisiones desde la sala de dos a\u00f1os hasta el quinto a\u00f1o de la Secundaria.<\/span><\/p>\n","protected":false},"excerpt":{"rendered":"<p>El Colegio Parroquial San Isidro Labrador, fue fundado el 19 de marzo de 1962 por el P\u00e1rroco Monse\u00f1or Antonio Jos\u00e9 Gonz\u00e1lez. Su lema es \u201cVirtus et Litterae\u201d (Virtud y Cultura). El Colegio comenz\u00f3 con dos salas de preescolar y un primer grado en la casa ubicada en la calle Arias [&hellip;]<\/p>\n","protected":false},"author":1,"featured_media":0,"parent":0,"menu_order":0,"comment_status":"closed","ping_status":"closed","template":"","meta":{"footnotes":""},"class_list":["post-264","page","type-page","status-publish","hentry"],"_links":{"self":[{"href":"https:\/\/colegiosanisidrolabrador.edu.ar\/isil\/wp-json\/wp\/v2\/pages\/264","targetHints":{"allow":["GET"]}}],"collection":[{"href":"https:\/\/colegiosanisidrolabrador.edu.ar\/isil\/wp-json\/wp\/v2\/pages"}],"about":[{"href":"https:\/\/colegiosanisidrolabrador.edu.ar\/isil\/wp-json\/wp\/v2\/types\/page"}],"author":[{"embeddable":true,"href":"https:\/\/colegiosanisidrolabrador.edu.ar\/isil\/wp-json\/wp\/v2\/users\/1"}],"replies":[{"embeddable":true,"href":"https:\/\/colegiosanisidrolabrador.edu.ar\/isil\/wp-json\/wp\/v2\/comments?post=264"}],"version-history":[{"count":6,"href":"https:\/\/colegiosanisidrolabrador.edu.ar\/isil\/wp-json\/wp\/v2\/pages\/264\/revisions"}],"predecessor-version":[{"id":418,"href":"https:\/\/colegiosanisidrolabrador.edu.ar\/isil\/wp-json\/wp\/v2\/pages\/264\/revisions\/418"}],"wp:attachment":[{"href":"https:\/\/colegiosanisidrolabrador.edu.ar\/isil\/wp-json\/wp\/v2\/media?parent=264"}],"curies":[{"name":"wp","href":"https:\/\/api.w.org\/{rel}","templated":true}]}}