{"id":121,"date":"2021-09-25T19:47:18","date_gmt":"2021-09-25T19:47:18","guid":{"rendered":"https:\/\/colegiosanisidrolabrador.edu.ar\/isil\/?page_id=121"},"modified":"2026-01-30T10:34:59","modified_gmt":"2026-01-30T13:34:59","slug":"admision-nivel-secundario","status":"publish","type":"page","link":"https:\/\/colegiosanisidrolabrador.edu.ar\/isil\/admision-nivel-secundario\/","title":{"rendered":"Admisi\u00f3n Nivel Secundario"},"content":{"rendered":"<p style=\"text-align: justify;\"><span style=\"font-weight: 400;\">El proceso de admisi\u00f3n del nivel secundario consta de las siguientes etapas:\u00a0<\/span><\/p>\n<p style=\"text-align: justify;\"><b>1er Etapa. Inicio del proceso.\u00a0<\/b><\/p>\n<p style=\"text-align: justify;\"><span style=\"font-weight: 400;\">La primer etapa del proceso de admisi\u00f3n al Colegio San Isidro Labrador, consta de dos\u00a0 instancias:\u00a0\u00a0<\/span><\/p>\n<ol style=\"text-align: justify;\">\n<li><span style=\"font-weight: 400;\"> Entrevista inicial con el Departamento de Admisi\u00f3n. Dicho encuentro es una primer\u00a0 aproximaci\u00f3n entre las familias y el Nivel Medio del Colegio San Isidro Labrador con\u00a0 el objeto de poder dar respuesta a las inquietudes y consultas propias de la solicitud\u00a0 de vacante en una nueva escuela. Asimismo, nos sirve como instituci\u00f3n para conocer\u00a0 la realidad familiar y del aspirante a ingresar en nuestro Colegio.\u00a0<\/span><\/li>\n<li><span style=\"font-weight: 400;\"> Formalizaci\u00f3n del Pedido de Vacante. A trav\u00e9s de un mail, las familias manifiestan su\u00a0 deseo de ingresar al Colegio y declaran conocer todas las instancias del proceso de\u00a0 admisi\u00f3n del aspirante, como contrapartida iniciaremos un proceso de comunicaci\u00f3n\u00a0 en el que se solicitar\u00e1 la documentaci\u00f3n pertinente y se acordar\u00e1 las distintas fechas\u00a0 para la continuidad del proceso.\u00a0\u00a0<\/span><\/li>\n<\/ol>\n<p style=\"text-align: justify;\"><b>2da. Etapa. Valoraci\u00f3n Pedag\u00f3gica del Aspirante.\u00a0<\/b><\/p>\n<p style=\"text-align: justify;\"><span style=\"font-weight: 400;\">Una vez que la familia ha formalizado su intenci\u00f3n de ingresar a nuestro Colegio, damos inicio\u00a0 a la segunda etapa que consta de tres instancias:\u00a0<\/span><\/p>\n<ol style=\"text-align: justify;\">\n<li><span style=\"font-weight: 400;\"> Valoraci\u00f3n de saberes previos. A trav\u00e9s de un examen escrito en las \u00e1reas de\u00a0 matem\u00e1tica, lengua e ingl\u00e9s, se realiza un an\u00e1lisis de las fortalezas y dificultades que\u00a0 presenta el aspirante en relaci\u00f3n a aquellas competencias requeridas para afrontar su\u00a0 trayectoria escolar en nuestro colegio.\u00a0\u00a0<\/span><\/li>\n<li><span style=\"font-weight: 400;\"> Entrevista con el Equipo de Orientaci\u00f3n Escolar. El conocimiento del aspirante y el\u00a0 entorno familiar es uno de nuestros principales objetivos. Entendemos que no ingresa\u00a0 a nuestra escuela un alumno\/a sino una familia, a la que consideramos\u00a0 corresponsable del acompa\u00f1amiento de la trayectoria escolar del alumno\/a junto con\u00a0 nuestro Colegio. Por este motivo la Lic. Florencia Rodr\u00edguez, Psic\u00f3loga del Equipo de\u00a0 Orientaci\u00f3n Escolar de Nivel Medio, realizar\u00e1 una entrevista con el aspirante y al\u00a0 menos a uno de los padres en fecha a convenir.\u00a0<\/span><\/li>\n<li><span style=\"font-weight: 400;\"> Entrevista Pastoral. El Ideario institucional de nuestro Colegio entiende el proceso de\u00a0 ense\u00f1anza aprendizaje en el marco de una concepci\u00f3n Pedag\u00f3gico Pastoral del\u00a0 mismo. Nos caracterizamos por sostener una propuesta centrada en los valores del\u00a0 evangelio. Es por este motivo que el aspirante y al menos uno de los padres tendr\u00e1n\u00a0 un encuentro o bien con el P\u00e1rroco, Pbro. Ricardo Fern\u00e1ndez Caride, o bien con la\u00a0 Directora de Pastoral, Sra. Yolanda L\u00f3pez y Romo.<\/span><\/li>\n<\/ol>\n<p style=\"text-align: justify;\"><b>3er. Etapa. Entrevista de cierre con el Rector.\u00a0<\/b><\/p>\n<p style=\"text-align: justify;\"><span style=\"font-weight: 400;\">Al finalizar la segunda etapa del proceso de admisi\u00f3n, y s\u00f3lo si se ha presentado toda la\u00a0 documentaci\u00f3n solicitada en tiempo y forma, se elabora un Informe Final del alumno para lo\u00a0 que se tiene en cuenta el desempe\u00f1o en cada una de las instancias del proceso. El Informe\u00a0 Final se realiza con la presencia de todos los actores que han intervenido en el mismo y\u00a0 sugiere al Rector del Colegio la posibilidad de otorgar o no la vacante. Tal decisi\u00f3n s\u00f3lo la\u00a0 comunicar\u00e1 el Rector del Colegio San Isidro Labrador, Lic. Francisco Scagliotti, para lo cual se\u00a0 acordar\u00e1 una fecha de entrevista con la presencia del aspirante y de al menos uno de los\u00a0 padres.\u00a0<\/span><\/p>\n<p style=\"text-align: justify;\"><span style=\"font-weight: 400;\">Como comunidad educativa nos sentimos orgullosos del v\u00ednculo que establecemos con nuestros alumnos y sus familias, esperamos que en caso de ingresar a nuestro Colegio, ustedes tambi\u00e9n puedan formar parte activa de esta comunidad.<\/span><\/p>\n","protected":false},"excerpt":{"rendered":"<p>El proceso de admisi\u00f3n del nivel secundario consta de las siguientes etapas:\u00a0 1er Etapa. Inicio del proceso.\u00a0 La primer etapa del proceso de admisi\u00f3n al Colegio San Isidro Labrador, consta de dos\u00a0 instancias:\u00a0\u00a0 Entrevista inicial con el Departamento de Admisi\u00f3n. Dicho encuentro es una primer\u00a0 aproximaci\u00f3n entre las familias y [&hellip;]<\/p>\n","protected":false},"author":1,"featured_media":0,"parent":0,"menu_order":0,"comment_status":"closed","ping_status":"closed","template":"","meta":{"footnotes":""},"class_list":["post-121","page","type-page","status-publish","hentry"],"_links":{"self":[{"href":"https:\/\/colegiosanisidrolabrador.edu.ar\/isil\/wp-json\/wp\/v2\/pages\/121","targetHints":{"allow":["GET"]}}],"collection":[{"href":"https:\/\/colegiosanisidrolabrador.edu.ar\/isil\/wp-json\/wp\/v2\/pages"}],"about":[{"href":"https:\/\/colegiosanisidrolabrador.edu.ar\/isil\/wp-json\/wp\/v2\/types\/page"}],"author":[{"embeddable":true,"href":"https:\/\/colegiosanisidrolabrador.edu.ar\/isil\/wp-json\/wp\/v2\/users\/1"}],"replies":[{"embeddable":true,"href":"https:\/\/colegiosanisidrolabrador.edu.ar\/isil\/wp-json\/wp\/v2\/comments?post=121"}],"version-history":[{"count":7,"href":"https:\/\/colegiosanisidrolabrador.edu.ar\/isil\/wp-json\/wp\/v2\/pages\/121\/revisions"}],"predecessor-version":[{"id":1398,"href":"https:\/\/colegiosanisidrolabrador.edu.ar\/isil\/wp-json\/wp\/v2\/pages\/121\/revisions\/1398"}],"wp:attachment":[{"href":"https:\/\/colegiosanisidrolabrador.edu.ar\/isil\/wp-json\/wp\/v2\/media?parent=121"}],"curies":[{"name":"wp","href":"https:\/\/api.w.org\/{rel}","templated":true}]}}